{"id":522,"date":"2022-03-08T16:21:26","date_gmt":"2022-03-08T14:21:26","guid":{"rendered":"https:\/\/triopetravillas.gr\/standort\/"},"modified":"2022-03-11T22:07:34","modified_gmt":"2022-03-11T20:07:34","slug":"standort","status":"publish","type":"page","link":"https:\/\/triopetravillas.gr\/de\/standort\/","title":{"rendered":"Standort"},"content":{"rendered":"\r\n        <div class=\"container\">\r\n            <div class=\"row mb-5\">\r\n                <div class=\"col-12\">\r\n                    <p>In der herrlichen Lage von Triopetra, nur eine Stunde von Rethymno und etwa 90 Minuten von den Flugh\u00e4fen und H\u00e4fen von Chania und Heraklion entfernt, sind die Villen &#8222;Zoe &#038; Mariva&#8220;, die warten darauf, um Sie zu beherbergen und Ihre Basis f\u00fcr eine Vielzahl von Aktivit\u00e4ten in der Natur zu sein, wie z.B. Schwimmen, Angeln, Tauchen, Boot oder Bootsfahrt, Reiten, Wandern, Laufen, Safari, Yoga oder sogar Golf! <\/p>\n<p>Die Villen befinden sich in einer privilegierten Lage mit Panoramablick auf das Libysche Meer und die wilde nat\u00fcrliche Sch\u00f6nheit des s\u00fcdlichen Kretas.Genie\u00dfen Sie die wunderbare Aussicht der Berge oder des Meeres, Tag &#038; Nacht! <\/p>\n<p>Genie\u00dfen Sie Ihren Urlaub in Triopetra mit Blick auf den herrlichen Sonnenuntergang und das Glitzern der Sterne im kristallklaren Wasser des Libyschen Meeres.<\/p>\n<p>Triopetra ist ein exotischer Strand von einzigartiger nat\u00fcrlicher Sch\u00f6nheit und viele behaupten, dass es einer der besten Str\u00e4nde Griechenlands ist, mit gr\u00fcn-blauem Wasser, Felsenh\u00f6hlen und Sandstrand.<\/p>\n<p>Der gleichnamige Ort ist eine historische Siedlung, entstanden um 1000 n. Chr., w\u00e4hrend der Bl\u00fctezeit des Byzantinischen Reiches. Aber ihre Geschichte h\u00f6rte hier nicht auf. Die Venezianer, die T\u00fcrken, die Deutschen zogen vorbei und sie alle hinterlie\u00dfen ihre Spuren. So gibt es in der Umgebung viele historische und religi\u00f6se Denkm\u00e4ler, wie Kirchen, Kl\u00f6ster, venezianische T\u00fcrme und andere Denkm\u00e4ler, die die Geschichtlichkeit des Ortes kennzeichnen.<\/p>\n<p>Nicht weit von den Villen entfernt gibt es einen Minimarkt, Tavernen mit frischem Fisch und einer gro\u00dfen Auswahl an kretischer K\u00fcche. In 10-20 Autominuten erreichen Sie die D\u00f6rfer Akumia, Plakias, Spili, Agios Pavlos, Agia Galini und Tympaki, wo es Gesch\u00e4fte, Superm\u00e4rkte, B\u00e4ckereien, Metzgereien, Banken und Geldautomaten, Zahn\u00e4rzte, Gesundheitszentren und nat\u00fcrlich Tavernen, Caf\u00e9s und je nach Jahreszeit Feste und Messen gibt.<\/p>\n<p>Wenn Sie es jedoch vorziehen, in der Unterkunft zu bleiben, gibt es immer die M\u00f6glichkeit, Lebensmittel (frischer Fisch, Fleisch oder Gem\u00fcse, je nach Ihren Vorlieben) und jede Art von Lebensmittellieferung (Selbstbedienungsladen) nach Bestellung zu bekommen.<\/p>\n<h3>Herrliche Str\u00e4nde auf Kreta<\/h3>\n<p>Viele sagen, dass die blaugr\u00fcnen Meere Kretas wie Raki sind. Sie k\u00f6nnen sie \u00fcberall finden und genie\u00dfen. Dies ist einer der Hauptgr\u00fcnde, warum Sie sie wieder besuchen werden. In S\u00fcd-Rethymno finden Sie Str\u00e4nde, die so unterschiedlich sind, aber alle eines gemeinsam haben: Ihre Malerhaftigkeit und echte Sch\u00f6nheit werden Sie nicht entt\u00e4uschen. Denn diese Str\u00e4nde werden Ihnen das Gef\u00fchl geben, an einem tropischen Ort zu sein. Die Palmen und die Felsen, die im Meer enden, bieten K\u00fchle, Schatten zum Sonnenbaden und die n\u00f6tige tropische Atmosph\u00e4re. Felsstr\u00e4nde, die Sie herausfordern, ihre wilde Sch\u00f6nheit zu entdecken. Welche Erfahrung Sie auch immer w\u00fcnschen, Sie werden sie dort finden.<\/p>\n<p>Einer von ihnen, der Triopetra , liegt etwa 52 km s\u00fcdlich von  Rethymno und 13 km s\u00fcd\u00f6stlich des Dorfes Akustik, am Fu\u00df des Berges Siderota. der Strand ist mit dem Auto \u00fcber eine asphaltierte Stra\u00dfe von Akumia (oder von Sahtouria) aus erreichbar. Es befindet sich im zentralen Teil der gro\u00dfen K\u00fcstenfront, die die Einheimischen Akoumiani Galia nennen, da das Gebiet von Triopetra zum Rand des Dorfes Akoumia geh\u00f6rt.<\/p>\n<p>Der Hauptstrand von Triopetra, der Gro\u00dfe Triopetra oder \u201eauf Hatzi&#8220;, bildet sich westlich der drei imposanten Felsen, von denen das Gebiet seinen Namen hat, das sich etwa zwei Kilometer nach Westen erstreckt, und neben den drei Felsen bildet sich eine gro\u00dfe H\u00f6hle in Form eines \u0394, in der Sie Schatten finden k\u00f6nnen. Es hat groben Sand und wunderbar tiefes Wasser, organisiert mit Tavernen und Sonnenschirmen. Dieser Strand ist nie so \u00fcberf\u00fcllt, dass es \u00fcberf\u00fcllt aussieht. Wenn Sie die Stra\u00dfe s\u00fcdwestlich von Megali Triopetra fortsetzen, passieren Sie das Dorf Kerame und erreichen den wundersch\u00f6nen Strand Ligres.<\/p>\n<p>Wenn Sie verf\u00fcgbar sind auf eine l\u00e4ngere Route haben, k\u00f6nnen Sie zum magischen Preveli mit seinem einzigartigen See und seiner erstaunlichen nat\u00fcrlichen Sch\u00f6nheit weiterfahren. Wenn Sie dort ankommen, w\u00e4re es unfair, nicht im kosmopolitischen Plakias zu landen.<\/p>\n<p>Mikri Triopetra oder &#8222;auf Kumanto&#8220;, bildet sich s\u00fcd\u00f6stlich der drei Felsen in einer geschlossenen Bucht mit Sand, die mit Tavernen und Sonnenschirmen organisiert ist. S\u00fcdlich des Strandes gibt es einen kleinen Hafen und etwas weiter flie\u00dft der Akoumianos-Fluss, was Triopetra von den einzigartigen D\u00fcnen von Agios Pavlosunterscheidet. <\/p>\n<p>Agios Pavlos-Strand, bietet dem Besucher das einzigartige Erlebnis, an einem Sandstrand zu schwimmen, der in einer W\u00fcste im Landesinneren versteckt ist, die von Felsen und D\u00fcnen gebildet wird. Dort finden Sie neben dem wunderbaren Meer Tavernen mit traditionellen K\u00f6stlichkeiten und Sonnenschirmen, um sein Bad zu genie\u00dfen <\/p>\n<p>Wenn Sie dem entgegengesetzten Weg von dort nach Agios Pavlos folgen und weiter zum traditionellen Dorf Saktouria fahren, nachdem Sie das Dorf passiert haben, Sie erreichen, in etwa einer Viertelstunde, in Agia Galini, wo Sie Tavernen, einen Supermarkt, eine Apotheke, B\u00e4ckerei, Kneipe, Caf\u00e9, Reiten, Golf finden und im Allgemeinen alles, was Sie brauchen &#8230;<\/p>\n\r\n                <\/div>\r\n            <\/div>\r\n            <div class=\"row\">\r\n            \t\r\n\t\t\t<\/div>\r\n        <\/div>\r\n    <div class=\"container\">\r\n\t\t\t\t\t\t\t<div class=\"row row-cols-1 row-cols-md-2 mt-4\"><div class=\"col mb-4\">\r\n\t\t                         <div class=\"img-wrapper\" style=\"background: url(https:\/\/triopetravillas.gr\/wp-content\/uploads\/2022\/02\/triopetra1.jpg); height: 400px; background-size: cover;\"><\/div>   \r\n\t\t                      <\/div><div class=\"col mb-4\">\r\n\t\t                         <div class=\"img-wrapper\" style=\"background: url(https:\/\/triopetravillas.gr\/wp-content\/uploads\/2022\/02\/triopetra2.jpg); height: 400px; background-size: cover;\"><\/div>   \r\n\t\t                      <\/div><div class=\"col mb-4\">\r\n\t\t                         <div class=\"img-wrapper\" style=\"background: url(https:\/\/triopetravillas.gr\/wp-content\/uploads\/2022\/02\/triopetra3.jpg); height: 400px; background-size: cover;\"><\/div>   \r\n\t\t                      <\/div><div class=\"col mb-4\">\r\n\t\t                         <div class=\"img-wrapper\" style=\"background: url(https:\/\/triopetravillas.gr\/wp-content\/uploads\/2022\/02\/triopetra4.jpg); height: 400px; background-size: cover;\"><\/div>   \r\n\t\t                      <\/div><\/div><\/div><div class=\"container\">\r\n\t\t\t\t<div class=\"row row-cols-1 row-cols-md-2 mt-4\">\r\n\t\t\t\t\t<div class=\"col mb-4\">\r\n\t\t\t\t\t\t<iframe src=\"https:\/\/www.google.com\/maps\/embed?pb=!1m26!1m12!1m3!1d496750.1997669685!2d24.49167336345156!3d35.12163919205855!2m3!1f0!2f0!3f0!3m2!1i1024!2i768!4f13.1!4m11!3e6!4m5!1s0x149a5bfbffffffff%3A0x2b99fcda10e0aed2!2zzprPgc6xz4TOuc66z4zPgiBBzrXPgc6_zrvOuc68zq3Ovc6xz4IgzpfPgc6xzrrOu861zq_Ov8-FIM6dLiDOms6xzrbOsc69z4TOts6szrrOt8-CLCDOl8-BzqzOus67zrXOuc6_!3m2!1d35.339579799999996!2d25.174748299999997!4m3!3m2!1d35.127807!2d24.5576901!5e0!3m2!1sel!2sgr!4v1644659051728!5m2!1sel!2sgr\" width=\"600\" height=\"450\" style=\"border:0;\" allowfullscreen=\"\" loading=\"lazy\"><\/iframe>\r\n\t\t\t\t\t<\/div>\r\n\t\t\t\t\t<div class=\"col mb-4\">\r\n\t\t\t\t\t\t<iframe src=\"https:\/\/www.google.com\/maps\/embed?pb=!1m26!1m12!1m3!1d416914.5920931697!2d24.176304728796477!3d35.27751474894708!2m3!1f0!2f0!3f0!3m2!1i1024!2i768!4f13.1!4m11!3e6!4m5!1s0x149b80a13e4a264f%3A0xc9292c0ac3c26345!2zzpHOtc-Bzr_Ou865zrzOrs69IM6nzrHOvc6vz4nOvSDCq86Zz4nOrM69zr3Ot8-CIM6UzrHPg866zrHOu86_zrPOuc6szr3Ovc63z4LCuywgzpXOuM69zrnOus6uIM6fzrTPjM-CIM6RzrXPgc6_zrTPgc6_zrzOr86_z4UgzqPOv8-NzrTOsc-CLCDOp86xzr3Ouc6s!3m2!1d35.5398097!2d24.1404043!4m3!3m2!1d35.127807!2d24.5576901!5e0!3m2!1sel!2sgr!4v1644659152308!5m2!1sel!2sgr\" width=\"600\" height=\"450\" style=\"border:0;\" allowfullscreen=\"\" loading=\"lazy\"><\/iframe>\r\n\t\t\t\t\t<\/div>\r\n\t\t\t\t<\/div>\r\n\t\t\t<\/div>\t\t\r\n\t\r\n\t\n","protected":false},"excerpt":{"rendered":"<p>In der herrlichen Lage von Triopetra, nur eine Stunde von Rethymno und etwa 90 Minuten von den Flugh\u00e4fen und H\u00e4fen von Chania und Heraklion entfernt, sind die Villen Zoe, Mariva, die warten darauf, um Sie zu beherbergen<\/p>\n","protected":false},"author":1,"featured_media":424,"parent":0,"menu_order":0,"comment_status":"closed","ping_status":"closed","template":"page-FullWidth.php","meta":{"footnotes":""},"acf":[],"_links":{"self":[{"href":"https:\/\/triopetravillas.gr\/de\/wp-json\/wp\/v2\/pages\/522"}],"collection":[{"href":"https:\/\/triopetravillas.gr\/de\/wp-json\/wp\/v2\/pages"}],"about":[{"href":"https:\/\/triopetravillas.gr\/de\/wp-json\/wp\/v2\/types\/page"}],"author":[{"embeddable":true,"href":"https:\/\/triopetravillas.gr\/de\/wp-json\/wp\/v2\/users\/1"}],"replies":[{"embeddable":true,"href":"https:\/\/triopetravillas.gr\/de\/wp-json\/wp\/v2\/comments?post=522"}],"version-history":[{"count":0,"href":"https:\/\/triopetravillas.gr\/de\/wp-json\/wp\/v2\/pages\/522\/revisions"}],"wp:featuredmedia":[{"embeddable":true,"href":"https:\/\/triopetravillas.gr\/de\/wp-json\/wp\/v2\/media\/424"}],"wp:attachment":[{"href":"https:\/\/triopetravillas.gr\/de\/wp-json\/wp\/v2\/media?parent=522"}],"curies":[{"name":"wp","href":"https:\/\/api.w.org\/{rel}","templated":true}]}}