{"id":835,"date":"2022-03-14T21:08:03","date_gmt":"2022-03-14T19:08:03","guid":{"rendered":"https:\/\/triopetravillas.gr\/lieu\/"},"modified":"2022-03-14T21:08:03","modified_gmt":"2022-03-14T19:08:03","slug":"lieu","status":"publish","type":"page","link":"https:\/\/triopetravillas.gr\/fr\/lieu\/","title":{"rendered":"Lieu"},"content":{"rendered":"\r\n        <div class=\"container\">\r\n            <div class=\"row mb-5\">\r\n                <div class=\"col-12\">\r\n                    <p>Dans le cadre magnifique de Triopetra, \u00e0 seulement une heure de R\u00e9thymnon\u00a0et \u00e0 environ 90 minutes des a\u00e9roports et des ports de Can\u00e9e\u00a0&amp; H\u00e9raklion, sont les villas &quot;Zo\u00e9 &amp; Mariva&quot;, et ils vous attendent pour vous accueillir et \u00eatre votre base, pour une vari\u00e9t\u00e9 d&#39;activit\u00e9s physiques telles que la natation, la p\u00eache, la plong\u00e9e, le bateau, l&#39;\u00e9quitation, la marche, la course, le safari, le yoga ou m\u00eame le golf!<\/p>\n<p>Les villas sont situ\u00e9es dans un emplacement privil\u00e9gi\u00e9 avec vue panoramique\u00a0de la mer de Libye et la beaut\u00e9 naturelle sauvage du sud de la Cr\u00e8te. Profitez de la vue magnifique, de jour comme de nuit, sur la montagne ou sur la mer !<\/p>\n<p>Profitez de vos vacances \u00e0 Triopetra en regardant le coucher de soleil enchanteur et le scintillement des \u00e9toiles dans les eaux cristallines de la mer de Libye.<\/p>\n<p>Triopetra est une plage exotique, d&#39;une beaut\u00e9 naturelle unique et beaucoup soutient que c&#39;est l&#39;une des meilleures plages de Gr\u00e8ce, avec des eaux bleu-vert, des grottes rocheuses et une c\u00f4te sablonneuse.<\/p>\n<p>Le lieu homonyme est une colonie historique, cr\u00e9\u00e9e vers l&#39;an 1000, \u00e0 l&#39;apog\u00e9e de De l&#39;Empire byzantin. Mais son histoire ne s&#39;est pas arr\u00eat\u00e9e l\u00e0. Les V\u00e9nitiens, les Turcs, les Allemands sont pass\u00e9s et ils ont tous laiss\u00e9 leur marque. Ainsi, dans la r\u00e9gion, il existe de nombreux monuments historiques et religieux, tels que des \u00e9glises, des monast\u00e8res, des tours v\u00e9nitiennes et d&#39;autres monuments, qui marquent l&#39;historicit\u00e9 du lieu.<\/p>\n<p>\u00c0 une courte distance des villas se trouvent un mini-march\u00e9, des tavernes avec du poisson frais et une grande vari\u00e9t\u00e9 de plats cr\u00e9tois.. Aussi dans 10-20 minutes en voiture, vous pouvez arriver aux villages d&#39;Akoumia, Plakias, Spili, Agios Pavlos, Agia Galini, Tympaki, qui ont des magasins, des supermarch\u00e9s, une boulangerie, une boucherie, une banque et un guichet automatique, un dentiste, un centre de sant\u00e9, et bien s\u00fbr des tavernes, des caf\u00e9s et, selon la saison, des foires et des festivals.<\/p>\n<p>Cependant, si vous pr\u00e9f\u00e9rez rester dans le logement, il y a toujours la possibilit\u00e9 de vous faire livrer des aliments (poisson, viande ou l\u00e9gumes frais selon vos pr\u00e9f\u00e9rences) et tout type de produits d&rsquo;\u00e9picerie (self market) apr\u00e8s commande.<\/p>\n<h3>Magnifiques plages en Cr\u00e8te<\/h3>\n<p>On dit que les mers bleu-vert de Cr\u00e8te sont comme de raki. Vous pouvez les trouver partout et en profiter. C&rsquo;est l&rsquo;une des principales raisons pour lesquelles vous les visiterez \u00e0 nouveau. Dans le sud de R\u00e9thymnon, vous trouverez des plages si diff\u00e9rentes les unes des autres, mais toutes avec une chose en commun : leur caract\u00e8re pittoresque et leur beaut\u00e9 authentique qui ne vous d\u00e9cevront pas. Parce que ces plages vous donneront l&rsquo;impression d&rsquo;\u00eatre dans un endroit tropical. Les palmiers et les rochers qui finissent dans la mer offrent de la fra\u00eecheur, une ombre pour se reposer et l&rsquo;ambiance tropicale n\u00e9cessaire. Des plages rocheuses qui vous invitent \u00e0 d\u00e9couvrir leur beaut\u00e9 sauvage. Quelle que soit l&rsquo;exp\u00e9rience que vous souhaitez, vous la trouverez l\u00e0-bas.<\/p>\n<p>L&rsquo;un d&rsquo;eux, Triopetra , est situ\u00e9 \u00e0 environ 52 km au sud de  R\u00e9thymnon et \u00e0 13 km au sud-est du village Akoumia, au pied de la montagne Repassage. Il peut \u00eatre visit\u00e9 en voiture, par une route asphalt\u00e9e depuis Ak\u03bfumia (ou depuis Sahtouria). Il est situ\u00e9 dans la partie centrale de la grande fa\u00e7ade c\u00f4ti\u00e8re que les habitants appellent Akoumani Gialia, car la zone de Triopetra appartient \u00e0 la p\u00e9riph\u00e9rie du village Akoumia. <\/p>\n<p>La plage principale de Triopetra, la Grande Triopetra ou \u00ab\u00a0dans Hatzi\u00a0\u00bb, est form\u00e9e \u00e0 l&rsquo;ouest des trois rochers imposants, dont la zone tire son nom, qui s&rsquo;\u00e9tend vers l&rsquo;ouest sur environ deux kilom\u00e8tres, et \u00e0 c\u00f4t\u00e9 des trois rochers se forme une grande grotte en forme de \u0394, o\u00f9 vous pouvez trouver de l&rsquo;ombre. Il a du sable grossier et de merveilleuses eaux profondes, organis\u00e9es avec des tavernes et des parasols. Cette plage n&rsquo;est jamais aussi bond\u00e9e qu&rsquo;elle en a l&rsquo;air bond\u00e9e. Si vous continuez la route au sud-ouest de celle-ci Megali Triopetra, vous passerez le village de Kerame et vous vous retrouverez \u00e0 la magnifique plage de Ligres.<\/p>\n<p>Si vous avez envie d&rsquo;un itin\u00e9raire plus long, vous pouvez continuer vers le magique Preveli avec son lac unique et sa beaut\u00e9 naturelle incroyable. Si vous y arrivez, il serait injuste que vous ne vous retrouviez pas dans la cosmopolite Plakias.<\/p>\n<p>La Petite Triopetra ou \u00ab\u00a0dans Koumanto\u00a0\u00bb, est form\u00e9e au sud-est des trois rochers, dans une baie ferm\u00e9e avec du sable, organis\u00e9e avec des tavernes et des parasols. Au sud de la plage se trouve un petit port et un peu plus loin coule le Rivi\u00e8re Akoumianos, qui s\u00e9pare Triopetra des uniques dunes de sable d&rsquo;Agios Pavlos. <\/p>\n<p>La Plage d&rsquo;Agios Pavlos, offre au visiteur l&rsquo;exp\u00e9rience unique de nager sur une plage de sable, cach\u00e9e dans l&rsquo;un des d\u00e9serts de l&rsquo;int\u00e9rieur, form\u00e9 de rochers et de dunes. L\u00e0, en plus de la mer merveilleuse, il trouvera des tavernes avec des sp\u00e9cialit\u00e9s traditionnelles et des parasols pour profiter de sa baignade. <\/p>\n<p>Si vous suivez le chemin oppos\u00e9 jusqu&rsquo;\u00e0 Agios Pavlos et dirigez-vous vers le village traditionnel de Sachtouria, apr\u00e8s avoir pass\u00e9 le village, en suivant la route que vous atteindrez, environ un quart d&rsquo;heure, \u00e0 Agia Galini, o\u00f9 vous trouverez des tavernes super march\u00e9, pharmacie, boulangerie, pub, caf\u00e9, \u00e9quitation, golf et g\u00e9n\u00e9ralement tout ce dont vous avez besoin!<\/p>\n\r\n                <\/div>\r\n            <\/div>\r\n            <div class=\"row\">\r\n            \t\r\n\t\t\t<\/div>\r\n        <\/div>\r\n    <div class=\"container\">\r\n\t\t\t\t\t\t\t<div class=\"row row-cols-1 row-cols-md-2 mt-4\"><div class=\"col mb-4\">\r\n\t\t                         <div class=\"img-wrapper\" style=\"background: url(https:\/\/triopetravillas.gr\/wp-content\/uploads\/2022\/02\/triopetra1.jpg); height: 400px; background-size: cover;\"><\/div>   \r\n\t\t                      <\/div><div class=\"col mb-4\">\r\n\t\t                         <div class=\"img-wrapper\" style=\"background: url(https:\/\/triopetravillas.gr\/wp-content\/uploads\/2022\/02\/triopetra2.jpg); height: 400px; background-size: cover;\"><\/div>   \r\n\t\t                      <\/div><div class=\"col mb-4\">\r\n\t\t                         <div class=\"img-wrapper\" style=\"background: url(https:\/\/triopetravillas.gr\/wp-content\/uploads\/2022\/02\/triopetra3.jpg); height: 400px; background-size: cover;\"><\/div>   \r\n\t\t                      <\/div><div class=\"col mb-4\">\r\n\t\t                         <div class=\"img-wrapper\" style=\"background: url(https:\/\/triopetravillas.gr\/wp-content\/uploads\/2022\/02\/triopetra4.jpg); height: 400px; background-size: cover;\"><\/div>   \r\n\t\t                      <\/div><\/div><\/div><div class=\"container\">\r\n\t\t\t\t<div class=\"row row-cols-1 row-cols-md-2 mt-4\">\r\n\t\t\t\t\t<div class=\"col mb-4\">\r\n\t\t\t\t\t\t<iframe src=\"https:\/\/www.google.com\/maps\/embed?pb=!1m26!1m12!1m3!1d496750.1997669685!2d24.49167336345156!3d35.12163919205855!2m3!1f0!2f0!3f0!3m2!1i1024!2i768!4f13.1!4m11!3e6!4m5!1s0x149a5bfbffffffff%3A0x2b99fcda10e0aed2!2zzprPgc6xz4TOuc66z4zPgiBBzrXPgc6_zrvOuc68zq3Ovc6xz4IgzpfPgc6xzrrOu861zq_Ov8-FIM6dLiDOms6xzrbOsc69z4TOts6szrrOt8-CLCDOl8-BzqzOus67zrXOuc6_!3m2!1d35.339579799999996!2d25.174748299999997!4m3!3m2!1d35.127807!2d24.5576901!5e0!3m2!1sel!2sgr!4v1644659051728!5m2!1sel!2sgr\" width=\"600\" height=\"450\" style=\"border:0;\" allowfullscreen=\"\" loading=\"lazy\"><\/iframe>\r\n\t\t\t\t\t<\/div>\r\n\t\t\t\t\t<div class=\"col mb-4\">\r\n\t\t\t\t\t\t<iframe src=\"https:\/\/www.google.com\/maps\/embed?pb=!1m26!1m12!1m3!1d416914.5920931697!2d24.176304728796477!3d35.27751474894708!2m3!1f0!2f0!3f0!3m2!1i1024!2i768!4f13.1!4m11!3e6!4m5!1s0x149b80a13e4a264f%3A0xc9292c0ac3c26345!2zzpHOtc-Bzr_Ou865zrzOrs69IM6nzrHOvc6vz4nOvSDCq86Zz4nOrM69zr3Ot8-CIM6UzrHPg866zrHOu86_zrPOuc6szr3Ovc63z4LCuywgzpXOuM69zrnOus6uIM6fzrTPjM-CIM6RzrXPgc6_zrTPgc6_zrzOr86_z4UgzqPOv8-NzrTOsc-CLCDOp86xzr3Ouc6s!3m2!1d35.5398097!2d24.1404043!4m3!3m2!1d35.127807!2d24.5576901!5e0!3m2!1sel!2sgr!4v1644659152308!5m2!1sel!2sgr\" width=\"600\" height=\"450\" style=\"border:0;\" allowfullscreen=\"\" loading=\"lazy\"><\/iframe>\r\n\t\t\t\t\t<\/div>\r\n\t\t\t\t<\/div>\r\n\t\t\t<\/div>\t\t\r\n\t\r\n\t\n","protected":false},"excerpt":{"rendered":"<p>Dans le cadre magnifique de Triopetra, \u00e0 seulement une heure de R\u00e9thymnon\u00a0et \u00e0 environ 90 minutes des a\u00e9roports et des ports de Can\u00e9e\u00a0&amp; H\u00e9raklion, sont les villas Zo\u00e9 &amp; Mariva<\/p>\n","protected":false},"author":1,"featured_media":680,"parent":0,"menu_order":0,"comment_status":"closed","ping_status":"closed","template":"page-FullWidth.php","meta":{"footnotes":""},"acf":[],"_links":{"self":[{"href":"https:\/\/triopetravillas.gr\/fr\/wp-json\/wp\/v2\/pages\/835"}],"collection":[{"href":"https:\/\/triopetravillas.gr\/fr\/wp-json\/wp\/v2\/pages"}],"about":[{"href":"https:\/\/triopetravillas.gr\/fr\/wp-json\/wp\/v2\/types\/page"}],"author":[{"embeddable":true,"href":"https:\/\/triopetravillas.gr\/fr\/wp-json\/wp\/v2\/users\/1"}],"replies":[{"embeddable":true,"href":"https:\/\/triopetravillas.gr\/fr\/wp-json\/wp\/v2\/comments?post=835"}],"version-history":[{"count":0,"href":"https:\/\/triopetravillas.gr\/fr\/wp-json\/wp\/v2\/pages\/835\/revisions"}],"wp:featuredmedia":[{"embeddable":true,"href":"https:\/\/triopetravillas.gr\/fr\/wp-json\/wp\/v2\/media\/680"}],"wp:attachment":[{"href":"https:\/\/triopetravillas.gr\/fr\/wp-json\/wp\/v2\/media?parent=835"}],"curies":[{"name":"wp","href":"https:\/\/api.w.org\/{rel}","templated":true}]}}